{"id":6,"date":"2026-04-15T08:00:37","date_gmt":"2026-04-15T08:00:37","guid":{"rendered":"https:\/\/alquilercocheenmenorca.com\/?page_id=6"},"modified":"2026-04-15T13:59:06","modified_gmt":"2026-04-15T13:59:06","slug":"alquiler-coche-menorca","status":"publish","type":"page","link":"https:\/\/alquilercocheenmenorca.com\/","title":{"rendered":"Alquiler coche Menorca"},"content":{"rendered":"\t\t<div data-elementor-type=\"wp-page\" data-elementor-id=\"6\" class=\"elementor elementor-6\">\n\t\t\t\t<div class=\"elementor-element elementor-element-d88a5bf e-flex e-con-boxed e-con e-parent\" data-id=\"d88a5bf\" data-element_type=\"container\" data-e-type=\"container\">\n\t\t\t\t\t<div class=\"e-con-inner\">\n\t\t\t\t<div class=\"elementor-element elementor-element-3f0168b elementor-widget elementor-widget-html\" data-id=\"3f0168b\" data-element_type=\"widget\" data-e-type=\"widget\" data-widget_type=\"html.default\">\n\t\t\t\t\t<style>\r\n.hero {\r\n  background: linear-gradient(135deg, #0f172a, #1e293b);\r\n  color: #ffffff;\r\n  padding: 80px 20px;\r\n  text-align: center;\r\n  border-radius: 12px;\r\n}\r\n\r\n.hero h1 {\r\n  font-size: 42px;\r\n  font-weight: 700;\r\n  margin-bottom: 20px;\r\n}\r\n\r\n.hero p {\r\n  font-size: 18px;\r\n  margin-bottom: 25px;\r\n  color: #e2e8f0;\r\n}\r\n\r\n.hero ul {\r\n  list-style: none;\r\n  padding: 0;\r\n  margin-bottom: 30px;\r\n}\r\n\r\n.hero ul li {\r\n  margin: 8px 0;\r\n  font-size: 16px;\r\n}\r\n\r\n.hero .btn {\r\n  display: inline-block;\r\n  background: #f59e0b;\r\n  color: #000;\r\n  padding: 14px 28px;\r\n  font-weight: 600;\r\n  border-radius: 8px;\r\n  text-decoration: none;\r\n  transition: 0.3s;\r\n}\r\n\r\n.hero .btn:hover {\r\n  background: #fbbf24;\r\n}\r\n<\/style>\r\n\r\n<div class=\"hero\">\r\n  <h1>Alquiler coche Menorca sin franquicia ni fianza<\/h1>\r\n  <p>Alquila tu coche en Menorca sin complicaciones. Sin fianza, sin franquicia y con precio final garantizado.<\/p>\r\n\r\n  <ul>\r\n    <li>\u2714 Sin fianza<\/li>\r\n    <li>\u2714 Sin franquicia<\/li>\r\n    <li>\u2714 Recogida en aeropuerto<\/li>\r\n    <li>\u2714 Segundo conductor gratis<\/li>\r\n  <\/ul>\r\n\r\n  <a href=\"https:\/\/doralauto.com\/alquiler-coches-menorca\/\" target=\"_blank\" class=\"btn\" rel=\"noopener\">\r\n    Ver coches disponibles\t\t\t\t<\/div>\n\t\t\t\t\t<\/div>\n\t\t\t\t<\/div>\n\t\t<div class=\"elementor-element elementor-element-37691c7 e-flex e-con-boxed e-con e-parent\" data-id=\"37691c7\" data-element_type=\"container\" data-e-type=\"container\">\n\t\t\t\t\t<div class=\"e-con-inner\">\n\t\t\t\t<div class=\"elementor-element elementor-element-c6a2af6 elementor-widget elementor-widget-html\" data-id=\"c6a2af6\" data-element_type=\"widget\" data-e-type=\"widget\" data-widget_type=\"html.default\">\n\t\t\t\t\t<style>\r\n.features {\r\n  padding: 60px 20px;\r\n  background: #f8fafc;\r\n  text-align: center;\r\n}\r\n\r\n.features h2 {\r\n  font-size: 32px;\r\n  margin-bottom: 20px;\r\n  color: #0f172a;\r\n}\r\n\r\n.features p {\r\n  max-width: 700px;\r\n  margin: 0 auto 40px;\r\n  color: #475569;\r\n  font-size: 16px;\r\n}\r\n\r\n.features-grid {\r\n  display: grid;\r\n  grid-template-columns: repeat(auto-fit, minmax(220px, 1fr));\r\n  gap: 20px;\r\n}\r\n\r\n.feature-item {\r\n  background: white;\r\n  padding: 25px;\r\n  border-radius: 10px;\r\n  box-shadow: 0 5px 15px rgba(0,0,0,0.05);\r\n}\r\n\r\n.feature-item h3 {\r\n  font-size: 18px;\r\n  margin-bottom: 10px;\r\n}\r\n\r\n.feature-item span {\r\n  font-size: 24px;\r\n}\r\n<\/style>\r\n\r\n<div class=\"features\">\r\n  <h2>Alquiler de coches en Menorca f\u00e1cil y sin sorpresas<\/h2>\r\n  <p>Con Doral Auto alquilas tu coche en Menorca con total tranquilidad. Sin costes ocultos, sin complicaciones y con un servicio pensado para que disfrutes de la isla desde el primer momento.<\/p>\r\n\r\n  <div class=\"features-grid\">\r\n    <div class=\"feature-item\">\r\n      <span>\ud83d\ude97<\/span>\r\n      <h3>Entrega en aeropuerto<\/h3>\r\n      <p>Recoge tu coche nada m\u00e1s aterrizar en Menorca.<\/p>\r\n    <\/div>\r\n\r\n    <div class=\"feature-item\">\r\n      <span>\ud83d\udcb0<\/span>\r\n      <h3>Precio final garantizado<\/h3>\r\n      <p>Sin cargos ocultos ni sorpresas al llegar.<\/p>\r\n    <\/div>\r\n\r\n    <div class=\"feature-item\">\r\n      <span>\ud83d\udee1\ufe0f<\/span>\r\n      <h3>Seguro a todo riesgo<\/h3>\r\n      <p>Conduce tranquilo durante toda tu estancia.<\/p>\r\n    <\/div>\r\n\r\n    <div class=\"feature-item\">\r\n      <span>\ud83d\udc65<\/span>\r\n      <h3>Segundo conductor gratis<\/h3>\r\n      <p>Comparte la conducci\u00f3n sin coste adicional.<\/p>\r\n    <\/div>\r\n  <\/div>\r\n<\/div>\t\t\t\t<\/div>\n\t\t\t\t\t<\/div>\n\t\t\t\t<\/div>\n\t\t<div class=\"elementor-element elementor-element-54f4634 e-flex e-con-boxed e-con e-parent\" data-id=\"54f4634\" data-element_type=\"container\" data-e-type=\"container\">\n\t\t\t\t\t<div class=\"e-con-inner\">\n\t\t\t\t<div class=\"elementor-element elementor-element-8c63366 elementor-widget elementor-widget-html\" data-id=\"8c63366\" data-element_type=\"widget\" data-e-type=\"widget\" data-widget_type=\"html.default\">\n\t\t\t\t\t<style>\r\n.seo {\r\n  padding: 60px 20px;\r\n  max-width: 900px;\r\n  margin: auto;\r\n  color: #1e293b;\r\n}\r\n\r\n.seo h2 {\r\n  font-size: 30px;\r\n  margin-bottom: 20px;\r\n  text-align: center;\r\n}\r\n\r\n.seo p {\r\n  font-size: 17px;\r\n  line-height: 1.7;\r\n  margin-bottom: 20px;\r\n  color: #475569;\r\n}\r\n<\/style>\r\n\r\n<div class=\"seo\">\r\n  <h2>Alquiler coche Menorca al mejor precio<\/h2>\r\n\r\n  <p>Alquilar un coche en Menorca es la mejor forma de descubrir la isla con total libertad. Desde calas escondidas hasta pueblos con encanto, disponer de un veh\u00edculo te permite moverte sin depender de horarios ni transporte p\u00fablico.<\/p>\r\n\r\n  <p>En Doral Auto ofrecemos un servicio de alquiler de coche en Menorca claro y transparente. Sin franquicia, sin fianza y con un precio final garantizado desde el momento de la reserva. Nuestro objetivo es que disfrutes de tu viaje sin preocupaciones.<\/p>\r\n\r\n  <p>Adem\u00e1s, contamos con recogida directa en el aeropuerto de Menorca, para que puedas empezar tu viaje nada m\u00e1s aterrizar. Nuestro proceso es r\u00e1pido, sencillo y pensado para ofrecerte la mejor experiencia desde el primer minuto.<\/p>\r\n<\/div>\t\t\t\t<\/div>\n\t\t\t\t\t<\/div>\n\t\t\t\t<\/div>\n\t\t<div class=\"elementor-element elementor-element-55267ad e-flex e-con-boxed e-con e-parent\" data-id=\"55267ad\" data-element_type=\"container\" data-e-type=\"container\">\n\t\t\t\t\t<div class=\"e-con-inner\">\n\t\t\t\t<div class=\"elementor-element elementor-element-60bca00 elementor-widget elementor-widget-heading\" data-id=\"60bca00\" data-element_type=\"widget\" data-e-type=\"widget\" data-widget_type=\"heading.default\">\n\t\t\t\t\t<h2 class=\"elementor-heading-title elementor-size-default\">Reserva tu coche en Menorca al mejor precio<\/h2>\t\t\t\t<\/div>\n\t\t\t\t<div class=\"elementor-element elementor-element-d2ecc52 elementor-widget elementor-widget-text-editor\" data-id=\"d2ecc52\" data-element_type=\"widget\" data-e-type=\"widget\" data-widget_type=\"text-editor.default\">\n\t\t\t\t\t\t\t\t\t<p>Sin fianza \u00b7 Sin franquicia \u00b7 Sin sorpresas<\/p>\t\t\t\t\t\t\t\t<\/div>\n\t\t\t\t<div class=\"elementor-element elementor-element-a0cb61f elementor-widget elementor-widget-html\" data-id=\"a0cb61f\" data-element_type=\"widget\" data-e-type=\"widget\" data-widget_type=\"html.default\">\n\t\t\t\t\t<div style=\"text-align:center; margin-top:40px;\">\r\n  <a href=\"https:\/\/doralauto.com\/alquiler-coches-menorca\/\" target=\"_blank\" style=\"display:inline-block;\r\n            background:#f59e0b;\r\n            color:#000;\r\n            padding:16px 32px;\r\n            font-weight:700;\r\n            font-size:18px;\r\n            border-radius:10px;\r\n            text-decoration:none;\" rel=\"noopener\">\r\n    Ver coches disponibles\r\n  <\/a>\r\n<\/div>\t\t\t\t<\/div>\n\t\t\t\t\t<\/div>\n\t\t\t\t<\/div>\n\t\t\t\t<\/div>\n\t\t","protected":false},"excerpt":{"rendered":"<p>Alquiler coche Menorca sin franquicia ni fianza Alquila tu coche en Menorca sin complicaciones. Sin fianza, sin franquicia y con precio final garantizado. \u2714 Sin fianza \u2714 Sin franquicia \u2714 Recogida en aeropuerto \u2714 Segundo conductor gratis Ver coches disponibles Alquiler de coches en Menorca f\u00e1cil y sin sorpresas Con Doral Auto alquilas tu coche [&hellip;]<\/p>\n","protected":false},"author":1,"featured_media":0,"parent":0,"menu_order":0,"comment_status":"closed","ping_status":"closed","template":"","meta":{"footnotes":""},"class_list":["post-6","page","type-page","status-publish","hentry"],"_links":{"self":[{"href":"https:\/\/alquilercocheenmenorca.com\/index.php?rest_route=\/wp\/v2\/pages\/6","targetHints":{"allow":["GET"]}}],"collection":[{"href":"https:\/\/alquilercocheenmenorca.com\/index.php?rest_route=\/wp\/v2\/pages"}],"about":[{"href":"https:\/\/alquilercocheenmenorca.com\/index.php?rest_route=\/wp\/v2\/types\/page"}],"author":[{"embeddable":true,"href":"https:\/\/alquilercocheenmenorca.com\/index.php?rest_route=\/wp\/v2\/users\/1"}],"replies":[{"embeddable":true,"href":"https:\/\/alquilercocheenmenorca.com\/index.php?rest_route=%2Fwp%2Fv2%2Fcomments&post=6"}],"version-history":[{"count":25,"href":"https:\/\/alquilercocheenmenorca.com\/index.php?rest_route=\/wp\/v2\/pages\/6\/revisions"}],"predecessor-version":[{"id":36,"href":"https:\/\/alquilercocheenmenorca.com\/index.php?rest_route=\/wp\/v2\/pages\/6\/revisions\/36"}],"wp:attachment":[{"href":"https:\/\/alquilercocheenmenorca.com\/index.php?rest_route=%2Fwp%2Fv2%2Fmedia&parent=6"}],"curies":[{"name":"wp","href":"https:\/\/api.w.org\/{rel}","templated":true}]}}